{"id":9,"date":"2013-05-10T23:05:51","date_gmt":"2013-05-10T21:05:51","guid":{"rendered":"http:\/\/papa.djks.de\/?page_id=9"},"modified":"2024-04-16T21:16:11","modified_gmt":"2024-04-16T19:16:11","slug":"wer-ist-der-veranstalter","status":"publish","type":"page","link":"http:\/\/papa.djks.de\/?page_id=9","title":{"rendered":"Veranstalter ?"},"content":{"rendered":"<p>Der Veranstalter ist die evangelische Dreieinigkeitsgemeinde Bietigheim-\u00d6tigheim-Muggensturn (siehe Link unten). Ansprechpartner f\u00fcr Organisation des Wochenendes sind:<\/p>\n<p>Thomas K\u00f6lmel &#8211; Tel.: 01712430028<br \/>\nUwe L\u00f6hnert &#8211; Tel.: 01736267106<br \/>\nam Besten Abends.<\/p>\n<p>Oder das Sekretariat der ev. Kirche:<br \/>\nFrau Meyer<br \/>\nBeethovenstra\u00dfe 39a<\/p>\n<p>Telefon 07222-81380<\/p>\n<p>Link:<br \/>\n<a href=\"https:\/\/www.ekimu.de\/\">https:\/\/www.ekimu.de\/<\/a><\/p>\n","protected":false},"excerpt":{"rendered":"<p>Der Veranstalter ist die evangelische Dreieinigkeitsgemeinde Bietigheim-\u00d6tigheim-Muggensturn (siehe Link unten). Ansprechpartner f\u00fcr Organisation des Wochenendes sind: Thomas K\u00f6lmel &#8211; Tel.: 01712430028 Uwe L\u00f6hnert &#8211; Tel.: 01736267106 am Besten Abends. Oder das Sekretariat der ev. Kirche: Frau Meyer Beethovenstra\u00dfe 39a Telefon 07222-81380 Link: https:\/\/www.ekimu.de\/<\/p>\n","protected":false},"author":1,"featured_media":0,"parent":0,"menu_order":0,"comment_status":"closed","ping_status":"open","template":"","meta":{"footnotes":""},"class_list":["post-9","page","type-page","status-publish","hentry"],"_links":{"self":[{"href":"http:\/\/papa.djks.de\/index.php?rest_route=\/wp\/v2\/pages\/9","targetHints":{"allow":["GET"]}}],"collection":[{"href":"http:\/\/papa.djks.de\/index.php?rest_route=\/wp\/v2\/pages"}],"about":[{"href":"http:\/\/papa.djks.de\/index.php?rest_route=\/wp\/v2\/types\/page"}],"author":[{"embeddable":true,"href":"http:\/\/papa.djks.de\/index.php?rest_route=\/wp\/v2\/users\/1"}],"replies":[{"embeddable":true,"href":"http:\/\/papa.djks.de\/index.php?rest_route=%2Fwp%2Fv2%2Fcomments&post=9"}],"version-history":[{"count":14,"href":"http:\/\/papa.djks.de\/index.php?rest_route=\/wp\/v2\/pages\/9\/revisions"}],"predecessor-version":[{"id":665,"href":"http:\/\/papa.djks.de\/index.php?rest_route=\/wp\/v2\/pages\/9\/revisions\/665"}],"wp:attachment":[{"href":"http:\/\/papa.djks.de\/index.php?rest_route=%2Fwp%2Fv2%2Fmedia&parent=9"}],"curies":[{"name":"wp","href":"https:\/\/api.w.org\/{rel}","templated":true}]}}